{"id":4284,"date":"2025-09-01T14:54:41","date_gmt":"2025-09-01T14:54:41","guid":{"rendered":"https:\/\/hafnarborg.is\/thjonusta\/"},"modified":"2025-11-26T06:59:02","modified_gmt":"2025-11-26T06:59:02","slug":"service","status":"publish","type":"page","link":"https:\/\/hafnarborg.is\/en\/service\/","title":{"rendered":"Service"},"content":{"rendered":"<div class='breakdance'><section class=\"bde-section-4284-100 bde-section\">\n  \n  \n\t\n\n\n\n<div class=\"section-container\"><img decoding=\"async\" class=\"bde-image2-4284-101 bde-image2 lazyload\" data-src=\"https:\/\/hafnarborg.is\/wp-content\/smush-webp\/2025\/09\/image-frame.png.webp\" data-srcset=\"https:\/\/hafnarborg.is\/wp-content\/smush-webp\/2025\/09\/image-frame.png.webp 1320w, https:\/\/hafnarborg.is\/wp-content\/smush-webp\/2025\/09\/image-frame-300x113.png.webp 300w, https:\/\/hafnarborg.is\/wp-content\/smush-webp\/2025\/09\/image-frame-1024x385.png.webp 1024w, https:\/\/hafnarborg.is\/wp-content\/smush-webp\/2025\/09\/image-frame-768x289.png.webp 768w\" data-sizes=\"(max-width: 1320px) 100vw, 1320px\" src=\"data:image\/svg+xml;base64,PHN2ZyB3aWR0aD0iMSIgaGVpZ2h0PSIxIiB4bWxucz0iaHR0cDovL3d3dy53My5vcmcvMjAwMC9zdmciPjwvc3ZnPg==\" style=\"--smush-placeholder-width: 1320px; --smush-placeholder-aspect-ratio: 1320\/496;\"><div class=\"bde-div-4284-102 bde-div\">\n  \n  \n\t\n\n\n\n<h1 class=\"bde-heading-4284-103 bde-heading\">\n\u00dej\u00f3nusta\n<\/h1><div class=\"bde-div-4284-106 bde-div\">\n  \n  \n\t\n\n\n\n<div class=\"bde-text-4284-104 bde-text\">\nHafnarborg er opin alla daga, nema \u00feri\u00f0judaga, fr\u00e1 kl. 12\u201317. A\u00f0gangur a\u00f0 safninu er \u00f3keypis.\n<\/div><h4 class=\"bde-heading-4284-108 bde-heading\">\nTaktu str\u00e6t\u00f3\n<\/h4><div class=\"bde-text-4284-105 bde-text\">\nTv\u00e6r str\u00e6tisvagnalei\u00f0ir ganga \u00ed Hafnarfj\u00f6r\u00f0 \u00far Reykjav\u00edk. B\u00e1\u00f0ir vagnar stoppa vi\u00f0 verslunarmi\u00f0st\u00f6\u00f0ina Fj\u00f6r\u00f0, \u00ed g\u00f6nguf\u00e6ri vi\u00f0 Hafnarborg.:\n<\/div><ul class=\"bde-basic-list-4284-109 bde-basic-list\">\n  <li class='bde-basic-list-item-with-link' >    \n                  \n            \n            \n\n    \n    \n    \n    \n    \n    <a class=\"breakdance-link\" href=\"#\" target=\"_self\" data-type=\"url\"  >\n\n          <u>Lei\u00f0 S1<\/u> fr\u00e1 Hlemmi.\n              <\/a>\n\n      <\/li>\n  <li class='bde-basic-list-item-with-link' >    \n                  \n            \n            \n\n    \n    \n    \n    \n    \n    <a class=\"breakdance-link\" href=\"#\" target=\"_self\" data-type=\"url\"  >\n\n          <u>Lei\u00f0 21<\/u> fr\u00e1 Mj\u00f3dd.\n              <\/a>\n\n      <\/li>\n<\/ul>\n<\/div>\n<\/div><\/div>\n<\/section><section class=\"bde-section-4284-110 bde-section\">\n  \n  \n\t\n\n\n\n<div class=\"section-container\"><a class=\"bde-container-link-4284-111 bde-container-link breakdance-link\" href=\"#\" target=\"_self\">\n  \n  \n\t\n\n\n\n<h4 class=\"bde-heading-4284-112 bde-heading\">\nA\u00f0gengi\n<\/h4><div class=\"bde-text-4284-113 bde-text\">\nIntro text that takes max 3 lines. Lorem ipsum dolor sit amet consectetur. Morbi mauris adipiscing arcu maecenas. Duis condimentum ultrices urna quisque molestie.\n<\/div><div class=\"bde-button-4284-114 bde-button\">\n    \n                        \n                        \n    \n    \n    \n    \n            \n            <button type=\"button\" class=\"button-atom button-atom--custom bde-button__button\"  >\n    \n        <span class=\"button-atom__text\"> <\/span>\n\n                            \n        \n            <\/button>\n    \n\n\n<\/div>\n\n<\/a><a class=\"bde-container-link-4284-115 bde-container-link breakdance-link\" href=\"#\" target=\"_self\">\n  \n  \n\t\n\n\n\n<h4 class=\"bde-heading-4284-116 bde-heading\">\nSk\u00f3laheims\u00f3knir\n<\/h4><div class=\"bde-text-4284-117 bde-text\">\nIntro text that takes max 3 lines. Lorem ipsum dolor sit amet consectetur. Morbi mauris adipiscing arcu maecenas. Duis condimentum ultrices urna quisque molestie.\n<\/div><div class=\"bde-button-4284-118 bde-button\">\n    \n                        \n                        \n    \n    \n    \n    \n            \n            <button type=\"button\" class=\"button-atom button-atom--custom bde-button__button\"  >\n    \n        <span class=\"button-atom__text\"> <\/span>\n\n                            \n        \n            <\/button>\n    \n\n\n<\/div>\n\n<\/a><a class=\"bde-container-link-4284-119 bde-container-link breakdance-link\" href=\"#\" target=\"_self\">\n  \n  \n\t\n\n\n\n<h4 class=\"bde-heading-4284-120 bde-heading\">\nLei\u00f0s\u00f6gn\n<\/h4><div class=\"bde-text-4284-121 bde-text\">\nIntro text that takes max 3 lines. Lorem ipsum dolor sit amet consectetur. Morbi mauris adipiscing arcu maecenas. Duis condimentum ultrices urna quisque molestie.\n<\/div><div class=\"bde-button-4284-122 bde-button\">\n    \n                        \n                        \n    \n    \n    \n    \n            \n            <button type=\"button\" class=\"button-atom button-atom--custom bde-button__button\"  >\n    \n        <span class=\"button-atom__text\"> <\/span>\n\n                            \n        \n            <\/button>\n    \n\n\n<\/div>\n\n<\/a><a class=\"bde-container-link-4284-123 bde-container-link breakdance-link\" href=\"#\" target=\"_self\">\n  \n  \n\t\n\n\n\n<h4 class=\"bde-heading-4284-124 bde-heading\">\nSafnb\u00fa\u00f0 Hafnarborgar\n<\/h4><div class=\"bde-text-4284-125 bde-text\">\nIntro text that takes max 3 lines. Lorem ipsum dolor sit amet consectetur. Morbi mauris adipiscing arcu maecenas. Duis condimentum ultrices urna quisque molestie.\n<\/div><div class=\"bde-button-4284-126 bde-button\">\n    \n                        \n                        \n    \n    \n    \n    \n            \n            <button type=\"button\" class=\"button-atom button-atom--custom bde-button__button\"  >\n    \n        <span class=\"button-atom__text\"> <\/span>\n\n                            \n        \n            <\/button>\n    \n\n\n<\/div>\n\n<\/a><a class=\"bde-container-link-4284-127 bde-container-link breakdance-link\" href=\"#\" target=\"_self\">\n  \n  \n\t\n\n\n\n<h4 class=\"bde-heading-4284-128 bde-heading\">\nSalaleiga\n<\/h4><div class=\"bde-text-4284-129 bde-text\">\nIntro text that takes max 3 lines. Lorem ipsum dolor sit amet consectetur. Morbi mauris adipiscing arcu maecenas. Duis condimentum ultrices urna quisque molestie.\n<\/div><div class=\"bde-button-4284-130 bde-button\">\n    \n                        \n                        \n    \n    \n    \n    \n            \n            <button type=\"button\" class=\"button-atom button-atom--custom bde-button__button\"  >\n    \n        <span class=\"button-atom__text\"> <\/span>\n\n                            \n        \n            <\/button>\n    \n\n\n<\/div>\n\n<\/a><a class=\"bde-container-link-4284-131 bde-container-link breakdance-link\" href=\"#\" target=\"_self\">\n  \n  \n\t\n\n\n\n<h4 class=\"bde-heading-4284-132 bde-heading\">\nKrydd veitingah\u00fas\n<\/h4><div class=\"bde-text-4284-133 bde-text\">\nIntro text that takes max 3 lines. Lorem ipsum dolor sit amet consectetur. Morbi mauris adipiscing arcu maecenas. Duis condimentum ultrices urna quisque molestie.\n<\/div><div class=\"bde-button-4284-134 bde-button\">\n    \n                        \n                        \n    \n    \n    \n    \n            \n            <button type=\"button\" class=\"button-atom button-atom--custom bde-button__button\"  >\n    \n        <span class=\"button-atom__text\"> <\/span>\n\n                            \n        \n            <\/button>\n    \n\n\n<\/div>\n\n<\/a><a class=\"bde-container-link-4284-135 bde-container-link breakdance-link\" href=\"#\" target=\"_self\">\n  \n  \n\t\n\n\n\n<h4 class=\"bde-heading-4284-136 bde-heading\">\nGjaldskr\u00e1\n<\/h4><div class=\"bde-text-4284-137 bde-text\">\nIntro text that takes max 3 lines. Lorem ipsum dolor sit amet consectetur. Morbi mauris adipiscing arcu maecenas. Duis condimentum ultrices urna quisque molestie.\n<\/div><div class=\"bde-button-4284-138 bde-button\">\n    \n                        \n                        \n    \n    \n    \n    \n            \n            <button type=\"button\" class=\"button-atom button-atom--custom bde-button__button\"  >\n    \n        <span class=\"button-atom__text\"> <\/span>\n\n                            \n        \n            <\/button>\n    \n\n\n<\/div>\n\n<\/a><\/div>\n<\/section><\/div>","protected":false},"excerpt":{"rendered":"<p>\u00dej\u00f3nusta Hafnarborg er opin alla daga, nema \u00feri\u00f0judaga, fr\u00e1 kl. 12\u201317. A\u00f0gangur a\u00f0 safninu er \u00f3keypis. Taktu str\u00e6t\u00f3 Tv\u00e6r str\u00e6tisvagnalei\u00f0ir ganga \u00ed Hafnarfj\u00f6r\u00f0 \u00far Reykjav\u00edk. B\u00e1\u00f0ir vagnar stoppa vi\u00f0 verslunarmi\u00f0st\u00f6\u00f0ina Fj\u00f6r\u00f0, \u00ed g\u00f6nguf\u00e6ri vi\u00f0 Hafnarborg.: Lei\u00f0 S1 fr\u00e1 Hlemmi. Lei\u00f0 21 fr\u00e1 Mj\u00f3dd. A\u00f0gengi Intro text that takes max 3 lines. Lorem ipsum dolor sit [&hellip;]<\/p>\n","protected":false},"author":2,"featured_media":0,"parent":0,"menu_order":0,"comment_status":"closed","ping_status":"closed","template":"","meta":{"_acf_changed":false,"_breakdance_hide_in_design_set":false,"_breakdance_tags":"","footnotes":""},"class_list":["post-4284","page","type-page","status-publish","hentry"],"acf":[],"_links":{"self":[{"href":"https:\/\/hafnarborg.is\/en\/wp-json\/wp\/v2\/pages\/4284","targetHints":{"allow":["GET"]}}],"collection":[{"href":"https:\/\/hafnarborg.is\/en\/wp-json\/wp\/v2\/pages"}],"about":[{"href":"https:\/\/hafnarborg.is\/en\/wp-json\/wp\/v2\/types\/page"}],"author":[{"embeddable":true,"href":"https:\/\/hafnarborg.is\/en\/wp-json\/wp\/v2\/users\/2"}],"replies":[{"embeddable":true,"href":"https:\/\/hafnarborg.is\/en\/wp-json\/wp\/v2\/comments?post=4284"}],"version-history":[{"count":0,"href":"https:\/\/hafnarborg.is\/en\/wp-json\/wp\/v2\/pages\/4284\/revisions"}],"wp:attachment":[{"href":"https:\/\/hafnarborg.is\/en\/wp-json\/wp\/v2\/media?parent=4284"}],"curies":[{"name":"wp","href":"https:\/\/api.w.org\/{rel}","templated":true}]}}