{"id":4253,"date":"2025-09-01T14:54:50","date_gmt":"2025-09-01T14:54:50","guid":{"rendered":"https:\/\/hafnarborg.is\/vinnustofa\/"},"modified":"2025-11-28T05:11:14","modified_gmt":"2025-11-28T05:11:14","slug":"residency","status":"publish","type":"page","link":"https:\/\/hafnarborg.is\/en\/residency\/","title":{"rendered":"Residency"},"content":{"rendered":"<h1><img decoding=\"async\" data-src=\"https:\/\/hafnarborg.is\/wp-content\/smush-webp\/2025\/09\/image-184.png.webp\" alt=\"\" src=\"data:image\/svg+xml;base64,PHN2ZyB3aWR0aD0iMSIgaGVpZ2h0PSIxIiB4bWxucz0iaHR0cDovL3d3dy53My5vcmcvMjAwMC9zdmciPjwvc3ZnPg==\" class=\"lazyload\" style=\"--smush-placeholder-width: 1320px; --smush-placeholder-aspect-ratio: 1320\/496;\" \/>Vinnustofa<\/h1>\n<p>Gestavinnustofan er einkum \u00e6tlu\u00f0 erlendum listam\u00f6nnum sem dvelja t\u00edmabundi\u00f0 \u00ed Hafnarfir\u00f0i og vinna \u00fear a\u00f0 skapandi verkefnum.<\/p>\n<p>Hafnarborg rekur listamanna\u00edb\u00fa\u00f0 me\u00f0 vinnua\u00f0st\u00f6\u00f0u \u00e1 3. h\u00e6\u00f0 safnsins a\u00f0 Strandg\u00f6tu 34. Gestavinnustofan hefur veri\u00f0 starfandi fr\u00e1 \u00e1rinu 1986 og er s\u00fa elsta sinnar tegundar \u00e1 \u00cdslandi. H\u00fan er einkum \u00e6tlu\u00f0 erlendum listam\u00f6nnum sem dvelja \u00fear t\u00edmabundi\u00f0 og vinna a\u00f0 skapandi verkefnum.<\/p>\n<p>\u00cdb\u00fa\u00f0in er um 80 fermetrar og skiptist \u00ed eldh\u00fas, bor\u00f0stofu, svefnherbergi, ba\u00f0herbergi og vinnur\u00fdmi. H\u00fan er fullb\u00fain helstu \u00fe\u00e6gindum, svo sem s\u00e6ngurfatna\u00f0i, \u00fevottaa\u00f0st\u00f6\u00f0u og \u00fer\u00e1\u00f0lausu neti. Sta\u00f0setningin \u00ed mi\u00f0b\u00e6 Hafnarfjar\u00f0ar, n\u00e1l\u00e6gt a\u00f0alstr\u00e6t\u00f3st\u00f6\u00f0 b\u00e6jarins, gerir gestum au\u00f0velt a\u00f0 fer\u00f0ast \u00e1 milli sta\u00f0a.<\/p>\n<p><img decoding=\"async\" data-src=\"https:\/\/hafnarborg.is\/wp-content\/smush-webp\/2025\/09\/image-79.png.webp\" alt=\"\" src=\"data:image\/svg+xml;base64,PHN2ZyB3aWR0aD0iMSIgaGVpZ2h0PSIxIiB4bWxucz0iaHR0cDovL3d3dy53My5vcmcvMjAwMC9zdmciPjwvc3ZnPg==\" class=\"lazyload\" style=\"--smush-placeholder-width: 872px; --smush-placeholder-aspect-ratio: 872\/496;\" \/>##### Opi\u00f0 kall<\/p>\n<p>Hafnarborg tekur vi\u00f0 ums\u00f3knum um dv\u00f6l \u00ed gestavinnustofu allan \u00e1rsins hring. Vinnustofan er jafnan b\u00f3ku\u00f0 1 \u00e1r fram \u00ed t\u00edmann og \u00fear sem safni\u00f0 hefur a\u00f0eins eina \u00edb\u00fa\u00f0 til umr\u00e1\u00f0a komast oft f\u00e6rri a\u00f0 en vilja. Vi\u00f0 leggjum \u00feess vegna \u00e1herslu \u00e1 a\u00f0 f\u00f3lk g\u00e6ti \u00feess a\u00f0 \u00feess a\u00f0 ums\u00f3knir s\u00e9u fulln\u00e6gjandi og \u00ed samr\u00e6mi vi\u00f0 fyrirm\u00e6li. Athugi\u00f0 a\u00f0 ums\u00f3knir sem ekki uppfylla skilyr\u00f0i ver\u00f0a ekki teknar til greina.<\/p>\n<h1>Ums\u00f3kn<\/h1>\n<p>Til a\u00f0 s\u00e6kja um dv\u00f6l \u00ed vinnustofunni \u00fearf a\u00f0 fylla \u00fat formi\u00f0 h\u00e9r a\u00f0 ne\u00f0an.<\/p>\n<p>Dvalart\u00edmi er 1 m\u00e1nu\u00f0ur \u00ed senn, fr\u00e1 2. hvers m\u00e1na\u00f0ar, og gjaldi\u00f0 er 500 evrur sem grei\u00f0a \u00fearf \u00feremur m\u00e1nu\u00f0um fyrir komu.<\/p>\n<h6>Me\u00f0 ums\u00f3kninni skal fylgja:<\/h6>\n<p>&gt; Ferilskr\u00e1 ums\u00e6kjanda.<br \/>\n&gt; Myndir af minnst fimm verkum eftir ums\u00e6kjanda (sendar sem vi\u00f0hengi \u00ed JPG e\u00f0a PDF-formi).<\/p>\n<p>Name*<\/p>\n<p>Email*<\/p>\n<p>Message*<\/p>\n<p>Submit<\/p>\n","protected":false},"excerpt":{"rendered":"<p>Vinnustofa Gestavinnustofan er einkum \u00e6tlu\u00f0 erlendum listam\u00f6nnum sem dvelja t\u00edmabundi\u00f0 \u00ed Hafnarfir\u00f0i og vinna \u00fear a\u00f0 skapandi verkefnum. Hafnarborg rekur listamanna\u00edb\u00fa\u00f0 me\u00f0 vinnua\u00f0st\u00f6\u00f0u \u00e1 3. h\u00e6\u00f0 safnsins a\u00f0 Strandg\u00f6tu 34. Gestavinnustofan hefur veri\u00f0 starfandi fr\u00e1 \u00e1rinu 1986 og er s\u00fa elsta sinnar tegundar \u00e1 \u00cdslandi. H\u00fan er einkum \u00e6tlu\u00f0 erlendum listam\u00f6nnum sem dvelja \u00fear t\u00edmabundi\u00f0 [&hellip;]<\/p>\n","protected":false},"author":2,"featured_media":0,"parent":0,"menu_order":0,"comment_status":"closed","ping_status":"closed","template":"","meta":{"_acf_changed":false,"_breakdance_hide_in_design_set":false,"_breakdance_tags":"","footnotes":""},"class_list":["post-4253","page","type-page","status-publish","hentry"],"acf":[],"_links":{"self":[{"href":"https:\/\/hafnarborg.is\/en\/wp-json\/wp\/v2\/pages\/4253","targetHints":{"allow":["GET"]}}],"collection":[{"href":"https:\/\/hafnarborg.is\/en\/wp-json\/wp\/v2\/pages"}],"about":[{"href":"https:\/\/hafnarborg.is\/en\/wp-json\/wp\/v2\/types\/page"}],"author":[{"embeddable":true,"href":"https:\/\/hafnarborg.is\/en\/wp-json\/wp\/v2\/users\/2"}],"replies":[{"embeddable":true,"href":"https:\/\/hafnarborg.is\/en\/wp-json\/wp\/v2\/comments?post=4253"}],"version-history":[{"count":0,"href":"https:\/\/hafnarborg.is\/en\/wp-json\/wp\/v2\/pages\/4253\/revisions"}],"wp:attachment":[{"href":"https:\/\/hafnarborg.is\/en\/wp-json\/wp\/v2\/media?parent=4253"}],"curies":[{"name":"wp","href":"https:\/\/api.w.org\/{rel}","templated":true}]}}