{"id":4191,"date":"2025-09-01T14:54:29","date_gmt":"2025-09-01T14:54:29","guid":{"rendered":"https:\/\/hafnarborg.is\/safneign\/"},"modified":"2025-11-26T07:35:11","modified_gmt":"2025-11-26T07:35:11","slug":"collection","status":"publish","type":"page","link":"https:\/\/hafnarborg.is\/en\/collection\/","title":{"rendered":"Collection"},"content":{"rendered":"<div class='breakdance'><section class=\"bde-section-4191-100 bde-section\">\n  \n  \n\t\n\n\n\n<div class=\"section-container\"><img decoding=\"async\" class=\"bde-image2-4191-101 bde-image2 lazyload\" data-src=\"https:\/\/hafnarborg.is\/wp-content\/smush-webp\/2025\/09\/image-184-1.png.webp\" data-srcset=\"https:\/\/hafnarborg.is\/wp-content\/smush-webp\/2025\/09\/image-184-1.png.webp 1320w, https:\/\/hafnarborg.is\/wp-content\/smush-webp\/2025\/09\/image-184-1-300x113.png.webp 300w, https:\/\/hafnarborg.is\/wp-content\/smush-webp\/2025\/09\/image-184-1-1024x385.png.webp 1024w, https:\/\/hafnarborg.is\/wp-content\/smush-webp\/2025\/09\/image-184-1-768x289.png.webp 768w\" data-sizes=\"(max-width: 1320px) 100vw, 1320px\" src=\"data:image\/svg+xml;base64,PHN2ZyB3aWR0aD0iMSIgaGVpZ2h0PSIxIiB4bWxucz0iaHR0cDovL3d3dy53My5vcmcvMjAwMC9zdmciPjwvc3ZnPg==\" style=\"--smush-placeholder-width: 1320px; --smush-placeholder-aspect-ratio: 1320\/496;\"><div class=\"bde-div-4191-102 bde-div\">\n  \n  \n\t\n\n\n\n<h1 class=\"bde-heading-4191-103 bde-heading\">\nSafneign\n<\/h1><div class=\"bde-text-4191-104 bde-text\">\n\u00cd safneign Hafnarborgar eru um 1.600 listaverk, allt fr\u00e1 m\u00e1lverkum og teikningum til graf\u00edkverka, myndbandsverka, \u00fer\u00edv\u00ed\u00f0ra verka og \u00fatilistaverka.\n<\/div>\n<\/div><\/div>\n<\/section><section class=\"bde-section-4191-105 bde-section\">\n  \n  \n\t\n\n\n\n<div class=\"section-container\"><div class=\"bde-text-4191-106 bde-text\">\nHj\u00f3nin Sverrir Magn\u00fasson og Ingibj\u00f6rg Sigurj\u00f3nsd\u00f3ttir stofnu\u00f0u safni\u00f0 me\u00f0 gj\u00f6f til Hafnarfjar\u00f0arb\u00e6jar \u00e1ri\u00f0 1983, \u00e1ri\u00f0 1990 f\u00e6r\u00f0i Eir\u00edkur Smith \u00fev\u00ed veglega listaverkagj\u00f6f og einnig hafa El\u00edas B. Halld\u00f3rsson og Gunnar Hjaltason gefi\u00f0 safninu fj\u00f6lda graf\u00edklistaverka sinna.<br><br>Fleiri listamenn og einstaklingar hafa f\u00e6rt safninu listaverk a\u00f0 gj\u00f6f en einnig eru keypt listaverk \u00ed samr\u00e6mi vi\u00f0 s\u00f6fnunarstefnu, eftir \u00fev\u00ed sem fj\u00e1rveitingar leyfa. Reglulega eru haldnar s\u00fdningar \u00e1 verkum \u00far safneigninni.\n<\/div><\/div>\n<\/section><section class=\"bde-section-4191-121 bde-section\">\n  \n  \n\t\n\n\n\n<div class=\"section-container\"><a class=\"bde-container-link-4191-122 bde-container-link breakdance-link\" href=\"#\" target=\"_self\">\n  \n  \n\t\n\n\n\n<h4 class=\"bde-heading-4191-123 bde-heading\">\nListaverkaeign\n<\/h4><div class=\"bde-text-4191-124 bde-text\">\nIntro text that takes max 3 lines. Lorem ipsum dolor sit amet consectetur. Morbi mauris adipiscing arcu maecenas. Duis condimentum ultrices urna quisque molestie.\n<\/div><div class=\"bde-button-4191-125 bde-button\">\n    \n                        \n                        \n    \n    \n    \n    \n            \n            <button type=\"button\" class=\"button-atom button-atom--custom bde-button__button\"  >\n    \n        <span class=\"button-atom__text\"> <\/span>\n\n                            \n        \n            <\/button>\n    \n\n\n<\/div>\n\n<\/a><a class=\"bde-container-link-4191-126 bde-container-link breakdance-link\" href=\"#\" target=\"_self\">\n  \n  \n\t\n\n\n\n<h4 class=\"bde-heading-4191-127 bde-heading\">\n\u00datilistaverk\n<\/h4><div class=\"bde-text-4191-128 bde-text\">\nIntro text that takes max 3 lines. Lorem ipsum dolor sit amet consectetur. Morbi mauris adipiscing arcu maecenas. Duis condimentum ultrices urna quisque molestie.\n<\/div><div class=\"bde-button-4191-129 bde-button\">\n    \n                        \n                        \n    \n    \n    \n    \n            \n            <button type=\"button\" class=\"button-atom button-atom--custom bde-button__button\"  >\n    \n        <span class=\"button-atom__text\"> <\/span>\n\n                            \n        \n            <\/button>\n    \n\n\n<\/div>\n\n<\/a><a class=\"bde-container-link-4191-130 bde-container-link breakdance-link\" href=\"#\" target=\"_self\">\n  \n  \n\t\n\n\n\n<h4 class=\"bde-heading-4191-131 bde-heading\">\nSarpur\n<\/h4><div class=\"bde-text-4191-132 bde-text\">\nIntro text that takes max 3 lines. Lorem ipsum dolor sit amet consectetur. Morbi mauris adipiscing arcu maecenas. Duis condimentum ultrices urna quisque molestie.\n<\/div><div class=\"bde-button-4191-133 bde-button\">\n    \n                        \n                        \n    \n    \n    \n    \n            \n            <button type=\"button\" class=\"button-atom button-atom--custom bde-button__button\"  >\n    \n        <span class=\"button-atom__text\"> <\/span>\n\n                            \n        \n            <\/button>\n    \n\n\n<\/div>\n\n<\/a><\/div>\n<\/section><section class=\"bde-section-4191-146 bde-section\">\n  \n  \n\t\n\n\n\n<div class=\"section-container\"><div class=\"bde-columns-4191-116 bde-columns\"><div class=\"bde-column-4191-117 bde-column\">\n  \n  \n\t\n\n\n\n<h3 class=\"bde-heading-4191-118 bde-heading\">\nN\u00fd a\u00f0f\u00f6ng\n<\/h3>\n<\/div><div class=\"bde-column-4191-119 bde-column\">\n  \n  \n\t\n\n\n\n<div class=\"bde-text-4191-120 bde-text\">\nHafnarborg kaupir reglulega n\u00fd verk \u00ed samr\u00e6mi vi\u00f0 s\u00f6fnunarstefnu Hafnarborgar og heldur s\u00fdningar \u00e1 verkum \u00far safneigninni. Forst\u00f6\u00f0uma\u00f0ur gerir yfirleitt till\u00f6gur um kaup, oft \u00ed tengslum vi\u00f0 s\u00fdningar, \u00fear sem mikilv\u00e6gt er a\u00f0 safneignin endurspegli s\u00fdningarstefnu safnsins.<br><br>Safni\u00f0 n\u00fdtur mikillar velvildar og f\u00e6r reglulega tilbo\u00f0 um g\u00f3\u00f0ar gjafir. Allar till\u00f6gur um kaup og gjafir eru lag\u00f0ar fyrir listar\u00e1\u00f0 Hafnarborgar til sam\u00feykktar, en ekki er teki\u00f0 vi\u00f0 gj\u00f6fum sem fylgja einhverjar kva\u00f0ir.\n<\/div>\n<\/div><\/div><div class=\"bde-gallery-4191-155 bde-gallery\">\n\n\n\n\n\n\n\n\n\n\n\n\n\n<div class=\"ee-gallery ee-gallery--isotope ee-gallery--justified ee-gallery--single ee-gallery--lightbox ee-gallery-- ee-gallery--caption- ee-gallery--caption-none ee-gallery--ratio\">\n                  \n      <a class=\"ee-gallery-item ee-gallery-item--image ee-gallery-item--single\" href=\"https:\/\/hafnarborg.is\/wp-content\/smush-webp\/2025\/09\/image-79-4.png.webp\"  data-sub-html=\"<span><\/span>\" data-category=\"1\"                  data-lg-size=\"872-600\"\n\n      >\n        <figure class=\"ee-gallery-item-figure\">\n                        <img decoding=\"async\" class=\"breakdance-image-object lazyload\" data-src=\"https:\/\/hafnarborg.is\/wp-content\/smush-webp\/2025\/09\/image-79-4.png.webp\" width=\"872\" height=\"600\" data-srcset=\"https:\/\/hafnarborg.is\/wp-content\/smush-webp\/2025\/09\/image-79-4.png.webp 872w, https:\/\/hafnarborg.is\/wp-content\/smush-webp\/2025\/09\/image-79-4-300x206.png.webp 300w, https:\/\/hafnarborg.is\/wp-content\/smush-webp\/2025\/09\/image-79-4-768x528.png.webp 768w\" data-sizes=\"auto, (max-width: 872px) 100vw, 872px\" src=\"data:image\/svg+xml;base64,PHN2ZyB3aWR0aD0iMSIgaGVpZ2h0PSIxIiB4bWxucz0iaHR0cDovL3d3dy53My5vcmcvMjAwMC9zdmciPjwvc3ZnPg==\" style=\"--smush-placeholder-width: 872px; --smush-placeholder-aspect-ratio: 872\/600;\">\n          \n                  <\/figure>\n      <\/a>\n\n                \n      <a class=\"ee-gallery-item ee-gallery-item--image ee-gallery-item--single\" href=\"https:\/\/hafnarborg.is\/wp-content\/smush-webp\/2025\/09\/image-79-5.png.webp\"  data-sub-html=\"<span><\/span>\" data-category=\"1\"                  data-lg-size=\"424-600\"\n\n      >\n        <figure class=\"ee-gallery-item-figure\">\n                        <img decoding=\"async\" class=\"breakdance-image-object lazyload\" data-src=\"https:\/\/hafnarborg.is\/wp-content\/smush-webp\/2025\/09\/image-79-5.png.webp\" width=\"424\" height=\"600\" data-srcset=\"https:\/\/hafnarborg.is\/wp-content\/smush-webp\/2025\/09\/image-79-5.png.webp 424w, https:\/\/hafnarborg.is\/wp-content\/smush-webp\/2025\/09\/image-79-5-212x300.png.webp 212w\" data-sizes=\"auto, (max-width: 424px) 100vw, 424px\" src=\"data:image\/svg+xml;base64,PHN2ZyB3aWR0aD0iMSIgaGVpZ2h0PSIxIiB4bWxucz0iaHR0cDovL3d3dy53My5vcmcvMjAwMC9zdmciPjwvc3ZnPg==\" style=\"--smush-placeholder-width: 424px; --smush-placeholder-aspect-ratio: 424\/600;\">\n          \n                  <\/figure>\n      <\/a>\n\n                \n      <a class=\"ee-gallery-item ee-gallery-item--image ee-gallery-item--single\" href=\"https:\/\/hafnarborg.is\/wp-content\/smush-webp\/2025\/09\/image-frame-1.png.webp\"  data-sub-html=\"<span><\/span>\" data-category=\"1\"                  data-lg-size=\"424-600\"\n\n      >\n        <figure class=\"ee-gallery-item-figure\">\n                        <img decoding=\"async\" class=\"breakdance-image-object lazyload\" data-src=\"https:\/\/hafnarborg.is\/wp-content\/smush-webp\/2025\/09\/image-frame-1.png.webp\" width=\"424\" height=\"600\" data-srcset=\"https:\/\/hafnarborg.is\/wp-content\/smush-webp\/2025\/09\/image-frame-1.png.webp 424w, https:\/\/hafnarborg.is\/wp-content\/smush-webp\/2025\/09\/image-frame-1-212x300.png.webp 212w\" data-sizes=\"auto, (max-width: 424px) 100vw, 424px\" src=\"data:image\/svg+xml;base64,PHN2ZyB3aWR0aD0iMSIgaGVpZ2h0PSIxIiB4bWxucz0iaHR0cDovL3d3dy53My5vcmcvMjAwMC9zdmciPjwvc3ZnPg==\" style=\"--smush-placeholder-width: 424px; --smush-placeholder-aspect-ratio: 424\/600;\">\n          \n                  <\/figure>\n      <\/a>\n\n                \n      <a class=\"ee-gallery-item ee-gallery-item--image ee-gallery-item--single\" href=\"https:\/\/hafnarborg.is\/wp-content\/smush-webp\/2025\/09\/image-79-6.png.webp\"  data-sub-html=\"<span><\/span>\" data-category=\"1\"                  data-lg-size=\"872-600\"\n\n      >\n        <figure class=\"ee-gallery-item-figure\">\n                        <img decoding=\"async\" class=\"breakdance-image-object lazyload\" data-src=\"https:\/\/hafnarborg.is\/wp-content\/smush-webp\/2025\/09\/image-79-6.png.webp\" width=\"872\" height=\"600\" data-srcset=\"https:\/\/hafnarborg.is\/wp-content\/smush-webp\/2025\/09\/image-79-6.png.webp 872w, https:\/\/hafnarborg.is\/wp-content\/smush-webp\/2025\/09\/image-79-6-300x206.png.webp 300w, https:\/\/hafnarborg.is\/wp-content\/smush-webp\/2025\/09\/image-79-6-768x528.png.webp 768w\" data-sizes=\"auto, (max-width: 872px) 100vw, 872px\" src=\"data:image\/svg+xml;base64,PHN2ZyB3aWR0aD0iMSIgaGVpZ2h0PSIxIiB4bWxucz0iaHR0cDovL3d3dy53My5vcmcvMjAwMC9zdmciPjwvc3ZnPg==\" style=\"--smush-placeholder-width: 872px; --smush-placeholder-aspect-ratio: 872\/600;\">\n          \n                  <\/figure>\n      <\/a>\n\n      \n      <div class=\"ee-gallery-gutter\"><\/div>\n  <\/div>\n\n\n\n<\/div><\/div>\n<\/section><section class=\"bde-section-4191-149 bde-section\">\n  \n  \n\t\n\n\n\n<div class=\"section-container\"><div class=\"bde-columns-4191-150 bde-columns\"><div class=\"bde-column-4191-151 bde-column\">\n  \n  \n\t\n\n\n\n<h3 class=\"bde-heading-4191-152 bde-heading\">\nStofngj\u00f6f\n<\/h3>\n<\/div><div class=\"bde-column-4191-153 bde-column\">\n  \n  \n\t\n\n\n\n<div class=\"bde-text-4191-154 bde-text\">\nGrunnurinn a\u00f0 safneigninni var lag\u00f0ur me\u00f0 rausnarlegri gj\u00f6f stofnenda safnsins, \u00feeirra Sverris Magn\u00fassonar og Ingibjargar Sigurj\u00f3nsd\u00f3ttur, sem f\u00e6r\u00f0u Hafnarfjar\u00f0arb\u00e6 listaverkaeign s\u00edna \u00e1ri\u00f0 1983. Stofngj\u00f6fin innih\u00e9lt t\u00e6plega 200 verk, \u00fear \u00e1 me\u00f0al verk eftir frumkv\u00f6\u00f0la \u00edslenskrar myndlistar \u00e1 bor\u00f0 vi\u00f0 Kjarval, N\u00ednu Tryggvad\u00f3ttur, J\u00f3hann Briem og J\u00fal\u00ed\u00f6nu Sveinsd\u00f3ttur.\n<\/div><div class=\"bde-div-4191-159 bde-div\">\n  \n  \n\t\n\n\n\n<div class=\"bde-icon-4191-163 bde-icon\">\n\n    \n            <div class=\"bde-icon-icon breakdance-icon-atom\" >\n    \n                    <svg xmlns=\"http:\/\/www.w3.org\/2000\/svg\" id=\"icon-quotes-left\" viewBox=\"0 0 32 32\">\n<path d=\"M7.031 14c3.866 0 7 3.134 7 7s-3.134 7-7 7-7-3.134-7-7l-0.031-1c0-7.732 6.268-14 14-14v4c-2.671 0-5.182 1.040-7.071 2.929-0.364 0.364-0.695 0.751-0.995 1.157 0.357-0.056 0.724-0.086 1.097-0.086zM25.031 14c3.866 0 7 3.134 7 7s-3.134 7-7 7-7-3.134-7-7l-0.031-1c0-7.732 6.268-14 14-14v4c-2.671 0-5.182 1.040-7.071 2.929-0.364 0.364-0.695 0.751-0.995 1.157 0.358-0.056 0.724-0.086 1.097-0.086z\"\/>\n<\/svg>\n        \n        \n        \n            <\/div>\n    \n\n\n<\/div><h6 class=\"bde-heading-4191-161 bde-heading\">\n\u00c1 langri \u00e6vi h\u00f6fum vi\u00f0 eignast eina og eina b\u00f3k, eina og eina mynd. \u00c1\u00f0ur en varir er kominn v\u00edsir a\u00f0 safni. Sm\u00e1m saman ver\u00f0a \u00feessi ver\u00f0m\u00e6ti hluti af l\u00edfi manns og tilveru og ma\u00f0ur s\u00e9r \u00feau \u00f3gjarnan tv\u00edstrast e\u00f0a jafnvel ver\u00f0a uppbo\u00f0um a\u00f0 br\u00e1\u00f0.\n<\/h6><div class=\"bde-text-4191-160 bde-text\">\n- Sverrir Magn\u00fasson, Fjar\u00f0arfr\u00e9ttir, 1988\n<\/div><div class=\"bde-div-4191-165 bde-div\">\n  \n  \n\t\n\n\n\n<div class=\"bde-icon-4191-164 bde-icon\">\n\n    \n            <div class=\"bde-icon-icon breakdance-icon-atom\" >\n    \n                    <svg xmlns=\"http:\/\/www.w3.org\/2000\/svg\" id=\"icon-quotes-right\" viewBox=\"0 0 32 32\">\n<path d=\"M25 20c-3.866 0-7-3.134-7-7s3.134-7 7-7 7 3.134 7 7l0.031 1c0 7.732-6.268 14-14 14v-4c2.671 0 5.182-1.040 7.071-2.929 0.364-0.364 0.695-0.75 0.995-1.157-0.357 0.056-0.724 0.086-1.097 0.086zM7 20c-3.866 0-7-3.134-7-7s3.134-7 7-7 7 3.134 7 7l0.031 1c0 7.732-6.268 14-14 14v-4c2.671 0 5.182-1.040 7.071-2.929 0.364-0.364 0.695-0.75 0.995-1.157-0.357 0.056-0.724 0.086-1.097 0.086z\"\/>\n<\/svg>\n        \n        \n        \n            <\/div>\n    \n\n\n<\/div>\n<\/div>\n<\/div><div class=\"bde-text-4191-156 bde-text\">\nSverrir byrja\u00f0i a\u00f0 safna myndlist \u00e1 kreppu\u00e1runum um 1930, \u00feegar hann eigna\u00f0ist vatnslitamynd eftir \u00d3laf T\u00fabals. Listaverkasafni\u00f0 \u00f3x s\u00ed\u00f0an jafnt og \u00fe\u00e9tt eftir \u00fev\u00ed sem Sverrir var\u00f0 duglegri vi\u00f0 a\u00f0 s\u00e6kja og fylgjast me\u00f0 myndlistars\u00fdningum. \u00cd safninu m\u00e1 finna miki\u00f0 af hef\u00f0bundnum landslagsmyndum, b\u00e6jarmyndum fr\u00e1 Hafnarfir\u00f0i og kyrral\u00edfsmyndum, sem endurspegla borgaralegan smekk \u00feess t\u00edma.\n<\/div>\n<\/div><\/div><\/div>\n<\/section><div class=\"bde-globalblock-4191-166 bde-globalblock\"><div class='breakdance'><div class=\"bde-shortcode-471-100-471-1 bde-shortcode bde-shortcode-471-100\"><div id=\"sarpur-slider-container\" class=\"sarpur-slider-container\">\n  <div class=\"sarpur-slider-header\">\n    <h2 class=\"sarpur-slider-title\">N\u00fdlegt<\/h2>\n    <div class=\"sarpur-slider-controls\">\n        <div class=\"sarpur-slider-filter\">\n    <input list=\"sarpur-artists-datalist\" id=\"sarpur-artist-filter\" class=\"sarpur-artist-filter-input\" placeholder=\"Search by artist...\">\n    <datalist id=\"sarpur-artists-datalist\"><\/datalist>\n  <\/div>\n      <div class=\"sarpur-slider-nav\">\n        <button id=\"sarpur-prev-button\" class=\"sarpur-slider-button\" aria-label=\"Previous slide\">\n          <svg xmlns=\"http:\/\/www.w3.org\/2000\/svg\" width=\"20\" height=\"20\" viewBox=\"0 0 24 24\" fill=\"none\" stroke=\"currentColor\" stroke-width=\"2.5\" stroke-linecap=\"round\" stroke-linejoin=\"round\"><polyline points=\"15 18 9 12 15 6\"><\/polyline><\/svg>\n        <\/button>\n        <button id=\"sarpur-next-button\" class=\"sarpur-slider-button\" aria-label=\"Next slide\">\n          <svg xmlns=\"http:\/\/www.w3.org\/2000\/svg\" width=\"20\" height=\"20\" viewBox=\"0 0 24 24\" fill=\"none\" stroke=\"currentColor\" stroke-width=\"2.5\" stroke-linecap=\"round\" stroke-linejoin=\"round\"><polyline points=\"9 18 15 12 9 6\"><\/polyline><\/svg>\n        <\/button>\n      <\/div>\n    <\/div>\n  <\/div>\n  <div id=\"sarpur-slider-mask\" class=\"sarpur-slider-mask\">\n    <div id=\"sarpur-slider-track\" class=\"sarpur-slider-track\"><\/div>\n  <\/div>\n<\/div>\n<script>\n  window.algoliaSliderSettings = {\"appId\":\"S4D3OQI4EE\",\"apiKey\":\"e67a2cde0801681ab055ec44dbfcac08\",\"indexName\":\"hafnarborg_sarpur\",\"hitsPerPage\":8,\"showFilter\":true,\"facetAttribute\":\"title\"};\n<\/script><\/div><\/div><\/div><\/div>","protected":false},"excerpt":{"rendered":"<p>Safneign \u00cd safneign Hafnarborgar eru um 1.600 listaverk, allt fr\u00e1 m\u00e1lverkum og teikningum til graf\u00edkverka, myndbandsverka, \u00fer\u00edv\u00ed\u00f0ra verka og \u00fatilistaverka. Hj\u00f3nin Sverrir Magn\u00fasson og Ingibj\u00f6rg Sigurj\u00f3nsd\u00f3ttir stofnu\u00f0u safni\u00f0 me\u00f0 gj\u00f6f til Hafnarfjar\u00f0arb\u00e6jar \u00e1ri\u00f0 1983, \u00e1ri\u00f0 1990 f\u00e6r\u00f0i Eir\u00edkur Smith \u00fev\u00ed veglega listaverkagj\u00f6f og einnig hafa El\u00edas B. Halld\u00f3rsson og Gunnar Hjaltason gefi\u00f0 safninu fj\u00f6lda graf\u00edklistaverka [&hellip;]<\/p>\n","protected":false},"author":2,"featured_media":0,"parent":0,"menu_order":0,"comment_status":"closed","ping_status":"closed","template":"","meta":{"_acf_changed":false,"_breakdance_hide_in_design_set":false,"_breakdance_tags":"","footnotes":""},"class_list":["post-4191","page","type-page","status-publish","hentry"],"acf":[],"_links":{"self":[{"href":"https:\/\/hafnarborg.is\/en\/wp-json\/wp\/v2\/pages\/4191","targetHints":{"allow":["GET"]}}],"collection":[{"href":"https:\/\/hafnarborg.is\/en\/wp-json\/wp\/v2\/pages"}],"about":[{"href":"https:\/\/hafnarborg.is\/en\/wp-json\/wp\/v2\/types\/page"}],"author":[{"embeddable":true,"href":"https:\/\/hafnarborg.is\/en\/wp-json\/wp\/v2\/users\/2"}],"replies":[{"embeddable":true,"href":"https:\/\/hafnarborg.is\/en\/wp-json\/wp\/v2\/comments?post=4191"}],"version-history":[{"count":0,"href":"https:\/\/hafnarborg.is\/en\/wp-json\/wp\/v2\/pages\/4191\/revisions"}],"wp:attachment":[{"href":"https:\/\/hafnarborg.is\/en\/wp-json\/wp\/v2\/media?parent=4191"}],"curies":[{"name":"wp","href":"https:\/\/api.w.org\/{rel}","templated":true}]}}